{"id":543,"date":"2024-03-11T13:52:55","date_gmt":"2024-03-11T13:52:55","guid":{"rendered":"https:\/\/web.nas.dewwwe.com\/mnope\/?page_id=543"},"modified":"2026-01-19T19:49:45","modified_gmt":"2026-01-19T18:49:45","slug":"mentions-legales","status":"publish","type":"page","link":"https:\/\/mnope-management.com\/en\/mentions-legales\/","title":{"rendered":"Legal notices"},"content":{"rendered":"<div data-elementor-type=\"wp-page\" data-elementor-id=\"543\" class=\"elementor elementor-543\">\n\t\t\t\t<div class=\"elementor-element elementor-element-af1d587 e-con-full e-flex e-con e-parent\" data-id=\"af1d587\" data-element_type=\"container\" data-settings=\"{&quot;background_background&quot;:&quot;classic&quot;}\">\n\t\t\t\t<div class=\"elementor-element elementor-element-0d6ac00 elementor-widget elementor-widget-heading\" data-id=\"0d6ac00\" data-element_type=\"widget\" data-widget_type=\"heading.default\">\n\t\t\t\t<div class=\"elementor-widget-container\">\n\t\t\t\t\t<h1 class=\"elementor-heading-title elementor-size-default\">Legal notices<\/h1>\t\t\t\t<\/div>\n\t\t\t\t<\/div>\n\t\t\t\t<\/div>\n\t\t\t\t<section class=\"elementor-section elementor-top-section elementor-element elementor-element-67123de elementor-section-boxed elementor-section-height-default elementor-section-height-default\" data-id=\"67123de\" data-element_type=\"section\">\n\t\t\t\t\t\t<div class=\"elementor-container elementor-column-gap-default\">\n\t\t\t\t\t<div class=\"elementor-column elementor-col-66 elementor-top-column elementor-element elementor-element-3efab8c\" data-id=\"3efab8c\" data-element_type=\"column\">\n\t\t\t<div class=\"elementor-widget-wrap elementor-element-populated\">\n\t\t\t\t\t\t<div class=\"elementor-element elementor-element-b7d131d elementor-widget elementor-widget-heading\" data-id=\"b7d131d\" data-element_type=\"widget\" data-widget_type=\"heading.default\">\n\t\t\t\t<div class=\"elementor-widget-container\">\n\t\t\t\t\t<h2 class=\"elementor-heading-title elementor-size-default\">Editor of the site<\/h2>\t\t\t\t<\/div>\n\t\t\t\t<\/div>\n\t\t\t\t<div class=\"elementor-element elementor-element-21462d5 elementor-widget elementor-widget-text-editor\" data-id=\"21462d5\" data-element_type=\"widget\" data-widget_type=\"text-editor.default\">\n\t\t\t\t<div class=\"elementor-widget-container\">\n\t\t\t\t\t\t\t\t\t<p>MNOP\u00e9 Management \u2013 35 rue de la Libe\u0301ration 91590 BOISSY LE CUTTE\u0301<br \/><br \/><\/p><p>Legal representative:\u00a0<span style=\"color: var( --e-global-color-text ); font-family: var( --e-global-typography-text-font-family ), Sans-serif; font-weight: var( --e-global-typography-text-font-weight ); letter-spacing: 0px;\">Martine Nadjar, Founder<\/span><\/p><p>\u00a0<\/p><p>Capital social : 2000 \u20ac<\/p><p><strong>SIRET :<\/strong> 82791708900027<\/p><p>\u00a0<\/p><p><strong>Easily get in touch with the editor<\/strong><\/p><p>Phone: <a href=\"http:\/\/tel:+33 06 85 72 77 43\">+33 06 85 72 77 43<\/a><\/p><p>Email: <a href=\"mailto: contact@mnope-management.com\">contact@mnope-management.com<\/a><\/p>\t\t\t\t\t\t\t\t<\/div>\n\t\t\t\t<\/div>\n\t\t\t\t\t<\/div>\n\t\t<\/div>\n\t\t\t\t<div class=\"elementor-column elementor-col-33 elementor-top-column elementor-element elementor-element-3425994\" data-id=\"3425994\" data-element_type=\"column\">\n\t\t\t<div class=\"elementor-widget-wrap elementor-element-populated\">\n\t\t\t\t\t\t<div class=\"elementor-element elementor-element-c79b89a elementor-widget elementor-widget-heading\" data-id=\"c79b89a\" data-element_type=\"widget\" data-widget_type=\"heading.default\">\n\t\t\t\t<div class=\"elementor-widget-container\">\n\t\t\t\t\t<h2 class=\"elementor-heading-title elementor-size-default\">Responsible for the Edition<\/h2>\t\t\t\t<\/div>\n\t\t\t\t<\/div>\n\t\t\t\t<div class=\"elementor-element elementor-element-e567e22 elementor-widget elementor-widget-text-editor\" data-id=\"e567e22\" data-element_type=\"widget\" data-widget_type=\"text-editor.default\">\n\t\t\t\t<div class=\"elementor-widget-container\">\n\t\t\t\t\t\t\t\t\t<p>Martine Nadjar, Founder<\/p>\t\t\t\t\t\t\t\t<\/div>\n\t\t\t\t<\/div>\n\t\t\t\t<div class=\"elementor-element elementor-element-94fe096 elementor-widget elementor-widget-heading\" data-id=\"94fe096\" data-element_type=\"widget\" data-widget_type=\"heading.default\">\n\t\t\t\t<div class=\"elementor-widget-container\">\n\t\t\t\t\t<h2 class=\"elementor-heading-title elementor-size-default\">Director of publication<\/h2>\t\t\t\t<\/div>\n\t\t\t\t<\/div>\n\t\t\t\t<div class=\"elementor-element elementor-element-7f36401 elementor-widget elementor-widget-text-editor\" data-id=\"7f36401\" data-element_type=\"widget\" data-widget_type=\"text-editor.default\">\n\t\t\t\t<div class=\"elementor-widget-container\">\n\t\t\t\t\t\t\t\t\t<p>Martine Nadjar, Founder<\/p><p>\u00a0<\/p>\t\t\t\t\t\t\t\t<\/div>\n\t\t\t\t<\/div>\n\t\t\t\t\t<\/div>\n\t\t<\/div>\n\t\t\t\t\t<\/div>\n\t\t<\/section>\n\t\t\t\t<section class=\"elementor-section elementor-top-section elementor-element elementor-element-639b97d elementor-section-boxed elementor-section-height-default elementor-section-height-default\" data-id=\"639b97d\" data-element_type=\"section\">\n\t\t\t\t\t\t<div class=\"elementor-container elementor-column-gap-default\">\n\t\t\t\t\t<div class=\"elementor-column elementor-col-66 elementor-top-column elementor-element elementor-element-a436d26\" data-id=\"a436d26\" data-element_type=\"column\">\n\t\t\t<div class=\"elementor-widget-wrap elementor-element-populated\">\n\t\t\t\t\t\t<div class=\"elementor-element elementor-element-f330726 elementor-widget elementor-widget-heading\" data-id=\"f330726\" data-element_type=\"widget\" data-widget_type=\"heading.default\">\n\t\t\t\t<div class=\"elementor-widget-container\">\n\t\t\t\t\t<h2 class=\"elementor-heading-title elementor-size-default\">Hosting service<\/h2>\t\t\t\t<\/div>\n\t\t\t\t<\/div>\n\t\t\t\t<div class=\"elementor-element elementor-element-aa51c5f elementor-widget elementor-widget-text-editor\" data-id=\"aa51c5f\" data-element_type=\"widget\" data-widget_type=\"text-editor.default\">\n\t\t\t\t<div class=\"elementor-widget-container\">\n\t\t\t\t\t\t\t\t\t<p><span style=\"color: var( --e-global-color-text ); font-family: var( --e-global-typography-text-font-family ), Sans-serif; font-size: var( --e-global-typography-text-font-size ); font-style: var( --e-global-typography-text-font-style ); font-weight: var( --e-global-typography-text-font-weight ); letter-spacing: var( --e-global-typography-text-letter-spacing ); text-transform: var( --e-global-typography-text-text-transform ); word-spacing: var( --e-global-typography-text-word-spacing );\">OVH SAS<\/span><\/p><p>2, rue Kellerman, 59100 ROUBAIX, France<\/p><p><a href=\"http:\/\/tel:+33 (0)9 72 10 10 07\">+33 (0)9 72 10 10 07<\/a><\/p><p>\u00a0<\/p>\t\t\t\t\t\t\t\t<\/div>\n\t\t\t\t<\/div>\n\t\t\t\t\t<\/div>\n\t\t<\/div>\n\t\t\t\t<div class=\"elementor-column elementor-col-33 elementor-top-column elementor-element elementor-element-8f317ba\" data-id=\"8f317ba\" data-element_type=\"column\">\n\t\t\t<div class=\"elementor-widget-wrap elementor-element-populated\">\n\t\t\t\t\t\t<div class=\"elementor-element elementor-element-398c5c3 elementor-widget elementor-widget-heading\" data-id=\"398c5c3\" data-element_type=\"widget\" data-widget_type=\"heading.default\">\n\t\t\t\t<div class=\"elementor-widget-container\">\n\t\t\t\t\t<h2 class=\"elementor-heading-title elementor-size-default\">Site maker<\/h2>\t\t\t\t<\/div>\n\t\t\t\t<\/div>\n\t\t\t\t<div class=\"elementor-element elementor-element-8fc8967 elementor-widget elementor-widget-text-editor\" data-id=\"8fc8967\" data-element_type=\"widget\" data-widget_type=\"text-editor.default\">\n\t\t\t\t<div class=\"elementor-widget-container\">\n\t\t\t\t\t\t\t\t\t<p>Dewwwe<\/p><p><a href=\"https:\/\/dewwwe.com\">https:\/\/dewwwe.com<\/a><\/p>\t\t\t\t\t\t\t\t<\/div>\n\t\t\t\t<\/div>\n\t\t\t\t\t<\/div>\n\t\t<\/div>\n\t\t\t\t\t<\/div>\n\t\t<\/section>\n\t\t\t\t<\/div>","protected":false},"excerpt":{"rendered":"<p>Mentions L\u00e9gales Editeur du site MNOP\u00e9 Management \u2013 35 rue de la Libe\u0301ration 91590 BOISSY LE CUTTE\u0301 Repr\u00e9sentant l\u00e9gal:\u00a0Martine Nadjar, Presidente \u00a0 Capital social : 2000 \u20ac SIRET : 82791708900027 \u00a0 Pour entrer en contact facilement avec l\u2019\u00e9diteur du site &hellip; <a class=\"kt-excerpt-readmore more-link\" href=\"https:\/\/mnope-management.com\/en\/mentions-legales\/\">Read More<\/a><\/p>","protected":false},"author":1,"featured_media":0,"parent":0,"menu_order":0,"comment_status":"closed","ping_status":"closed","template":"elementor_header_footer","meta":{"footnotes":""},"class_list":["post-543","page","type-page","status-publish","hentry"],"yoast_head":"<!-- This site is optimized with the Yoast SEO plugin v26.7 - https:\/\/yoast.com\/wordpress\/plugins\/seo\/ -->\n<title>Mentions L\u00e9gales - MNOP\u00e9 Management<\/title>\n<meta name=\"robots\" content=\"index, follow, max-snippet:-1, max-image-preview:large, max-video-preview:-1\" \/>\n<link rel=\"canonical\" href=\"https:\/\/mnope-management.com\/en\/mentions-legales\/\" \/>\n<meta property=\"og:locale\" content=\"en_US\" \/>\n<meta property=\"og:type\" content=\"article\" \/>\n<meta property=\"og:title\" content=\"Mentions L\u00e9gales - MNOP\u00e9 Management\" \/>\n<meta property=\"og:description\" content=\"Mentions L\u00e9gales Editeur du site MNOP\u00e9 Management \u2013 35 rue de la Libe\u0301ration 91590 BOISSY LE CUTTE\u0301 Repr\u00e9sentant l\u00e9gal:\u00a0Martine Nadjar, Presidente \u00a0 Capital social : 2000 \u20ac SIRET : 82791708900027 \u00a0 Pour entrer en contact facilement avec l\u2019\u00e9diteur du site &hellip; Read More\" \/>\n<meta property=\"og:url\" content=\"https:\/\/mnope-management.com\/en\/mentions-legales\/\" \/>\n<meta property=\"og:site_name\" content=\"MNOP\u00e9 Management\" \/>\n<meta property=\"article:modified_time\" content=\"2026-01-19T18:49:45+00:00\" \/>\n<meta name=\"twitter:card\" content=\"summary_large_image\" \/>\n<meta name=\"twitter:label1\" content=\"Est. reading time\" \/>\n\t<meta name=\"twitter:data1\" content=\"1 minute\" \/>\n<script type=\"application\/ld+json\" class=\"yoast-schema-graph\">{\"@context\":\"https:\/\/schema.org\",\"@graph\":[{\"@type\":\"WebPage\",\"@id\":\"https:\/\/mnope-management.com\/mentions-legales\/\",\"url\":\"https:\/\/mnope-management.com\/mentions-legales\/\",\"name\":\"Mentions L\u00e9gales - MNOP\u00e9 Management\",\"isPartOf\":{\"@id\":\"https:\/\/mnope-management.com\/#website\"},\"datePublished\":\"2024-03-11T13:52:55+00:00\",\"dateModified\":\"2026-01-19T18:49:45+00:00\",\"breadcrumb\":{\"@id\":\"https:\/\/mnope-management.com\/mentions-legales\/#breadcrumb\"},\"inLanguage\":\"en-US\",\"potentialAction\":[{\"@type\":\"ReadAction\",\"target\":[\"https:\/\/mnope-management.com\/mentions-legales\/\"]}]},{\"@type\":\"BreadcrumbList\",\"@id\":\"https:\/\/mnope-management.com\/mentions-legales\/#breadcrumb\",\"itemListElement\":[{\"@type\":\"ListItem\",\"position\":1,\"name\":\"Home\",\"item\":\"https:\/\/mnope-management.com\/\"},{\"@type\":\"ListItem\",\"position\":2,\"name\":\"Mentions L\u00e9gales\"}]},{\"@type\":\"WebSite\",\"@id\":\"https:\/\/mnope-management.com\/#website\",\"url\":\"https:\/\/mnope-management.com\/\",\"name\":\"MNOP\u00e9 Management\",\"description\":\"\",\"publisher\":{\"@id\":\"https:\/\/mnope-management.com\/#organization\"},\"potentialAction\":[{\"@type\":\"SearchAction\",\"target\":{\"@type\":\"EntryPoint\",\"urlTemplate\":\"https:\/\/mnope-management.com\/?s={search_term_string}\"},\"query-input\":{\"@type\":\"PropertyValueSpecification\",\"valueRequired\":true,\"valueName\":\"search_term_string\"}}],\"inLanguage\":\"en-US\"},{\"@type\":\"Organization\",\"@id\":\"https:\/\/mnope-management.com\/#organization\",\"name\":\"MNOP\u00e9 Management\",\"url\":\"https:\/\/mnope-management.com\/\",\"logo\":{\"@type\":\"ImageObject\",\"inLanguage\":\"en-US\",\"@id\":\"https:\/\/mnope-management.com\/#\/schema\/logo\/image\/\",\"url\":\"https:\/\/mnope-management.com\/wp-content\/uploads\/2023\/10\/cropped-Logo.png\",\"contentUrl\":\"https:\/\/mnope-management.com\/wp-content\/uploads\/2023\/10\/cropped-Logo.png\",\"width\":351,\"height\":64,\"caption\":\"MNOP\u00e9 Management\"},\"image\":{\"@id\":\"https:\/\/mnope-management.com\/#\/schema\/logo\/image\/\"}}]}<\/script>\n<!-- \/ Yoast SEO plugin. -->","yoast_head_json":{"title":"Mentions L\u00e9gales - MNOP\u00e9 Management","robots":{"index":"index","follow":"follow","max-snippet":"max-snippet:-1","max-image-preview":"max-image-preview:large","max-video-preview":"max-video-preview:-1"},"canonical":"https:\/\/mnope-management.com\/en\/mentions-legales\/","og_locale":"en_US","og_type":"article","og_title":"Mentions L\u00e9gales - MNOP\u00e9 Management","og_description":"Mentions L\u00e9gales Editeur du site MNOP\u00e9 Management \u2013 35 rue de la Libe\u0301ration 91590 BOISSY LE CUTTE\u0301 Repr\u00e9sentant l\u00e9gal:\u00a0Martine Nadjar, Presidente \u00a0 Capital social : 2000 \u20ac SIRET : 82791708900027 \u00a0 Pour entrer en contact facilement avec l\u2019\u00e9diteur du site &hellip; Read More","og_url":"https:\/\/mnope-management.com\/en\/mentions-legales\/","og_site_name":"MNOP\u00e9 Management","article_modified_time":"2026-01-19T18:49:45+00:00","twitter_card":"summary_large_image","twitter_misc":{"Est. reading time":"1 minute"},"schema":{"@context":"https:\/\/schema.org","@graph":[{"@type":"WebPage","@id":"https:\/\/mnope-management.com\/mentions-legales\/","url":"https:\/\/mnope-management.com\/mentions-legales\/","name":"Mentions L\u00e9gales - MNOP\u00e9 Management","isPartOf":{"@id":"https:\/\/mnope-management.com\/#website"},"datePublished":"2024-03-11T13:52:55+00:00","dateModified":"2026-01-19T18:49:45+00:00","breadcrumb":{"@id":"https:\/\/mnope-management.com\/mentions-legales\/#breadcrumb"},"inLanguage":"en-US","potentialAction":[{"@type":"ReadAction","target":["https:\/\/mnope-management.com\/mentions-legales\/"]}]},{"@type":"BreadcrumbList","@id":"https:\/\/mnope-management.com\/mentions-legales\/#breadcrumb","itemListElement":[{"@type":"ListItem","position":1,"name":"Home","item":"https:\/\/mnope-management.com\/"},{"@type":"ListItem","position":2,"name":"Mentions L\u00e9gales"}]},{"@type":"WebSite","@id":"https:\/\/mnope-management.com\/#website","url":"https:\/\/mnope-management.com\/","name":"MNOP\u00e9 Management","description":"","publisher":{"@id":"https:\/\/mnope-management.com\/#organization"},"potentialAction":[{"@type":"SearchAction","target":{"@type":"EntryPoint","urlTemplate":"https:\/\/mnope-management.com\/?s={search_term_string}"},"query-input":{"@type":"PropertyValueSpecification","valueRequired":true,"valueName":"search_term_string"}}],"inLanguage":"en-US"},{"@type":"Organization","@id":"https:\/\/mnope-management.com\/#organization","name":"MNOP\u00e9 Management","url":"https:\/\/mnope-management.com\/","logo":{"@type":"ImageObject","inLanguage":"en-US","@id":"https:\/\/mnope-management.com\/#\/schema\/logo\/image\/","url":"https:\/\/mnope-management.com\/wp-content\/uploads\/2023\/10\/cropped-Logo.png","contentUrl":"https:\/\/mnope-management.com\/wp-content\/uploads\/2023\/10\/cropped-Logo.png","width":351,"height":64,"caption":"MNOP\u00e9 Management"},"image":{"@id":"https:\/\/mnope-management.com\/#\/schema\/logo\/image\/"}}]}},"_links":{"self":[{"href":"https:\/\/mnope-management.com\/en\/wp-json\/wp\/v2\/pages\/543","targetHints":{"allow":["GET"]}}],"collection":[{"href":"https:\/\/mnope-management.com\/en\/wp-json\/wp\/v2\/pages"}],"about":[{"href":"https:\/\/mnope-management.com\/en\/wp-json\/wp\/v2\/types\/page"}],"author":[{"embeddable":true,"href":"https:\/\/mnope-management.com\/en\/wp-json\/wp\/v2\/users\/1"}],"replies":[{"embeddable":true,"href":"https:\/\/mnope-management.com\/en\/wp-json\/wp\/v2\/comments?post=543"}],"version-history":[{"count":10,"href":"https:\/\/mnope-management.com\/en\/wp-json\/wp\/v2\/pages\/543\/revisions"}],"predecessor-version":[{"id":748,"href":"https:\/\/mnope-management.com\/en\/wp-json\/wp\/v2\/pages\/543\/revisions\/748"}],"wp:attachment":[{"href":"https:\/\/mnope-management.com\/en\/wp-json\/wp\/v2\/media?parent=543"}],"curies":[{"name":"wp","href":"https:\/\/api.w.org\/{rel}","templated":true}]}}