{"id":38,"date":"2023-10-11T13:13:59","date_gmt":"2023-10-11T13:13:59","guid":{"rendered":"https:\/\/web.nas.dewwwe.com\/mnope\/?page_id=38"},"modified":"2026-01-19T19:35:59","modified_gmt":"2026-01-19T18:35:59","slug":"formation","status":"publish","type":"page","link":"https:\/\/mnope-management.com\/en\/formation\/","title":{"rendered":"Training"},"content":{"rendered":"<div data-elementor-type=\"wp-page\" data-elementor-id=\"38\" class=\"elementor elementor-38\">\n\t\t\t\t<div class=\"elementor-element elementor-element-c3b7a4f e-con-full e-flex e-con e-parent\" data-id=\"c3b7a4f\" data-element_type=\"container\" data-settings=\"{&quot;background_background&quot;:&quot;classic&quot;}\">\n\t\t\t\t<div class=\"elementor-element elementor-element-e156d92 elementor-widget elementor-widget-heading\" data-id=\"e156d92\" data-element_type=\"widget\" data-widget_type=\"heading.default\">\n\t\t\t\t<div class=\"elementor-widget-container\">\n\t\t\t\t\t<h1 class=\"elementor-heading-title elementor-size-default\">Training<\/h1>\t\t\t\t<\/div>\n\t\t\t\t<\/div>\n\t\t\t\t<\/div>\n\t\t<div class=\"elementor-element elementor-element-165dc62 e-flex e-con-boxed e-con e-parent\" data-id=\"165dc62\" data-element_type=\"container\">\n\t\t\t\t\t<div class=\"e-con-inner\">\n\t\t<div class=\"elementor-element elementor-element-62fc648 e-con-full e-flex e-con e-child\" data-id=\"62fc648\" data-element_type=\"container\">\n\t\t\t\t<div class=\"elementor-element elementor-element-531b6b5 elementor-view-framed elementor-shape-circle elementor-widget elementor-widget-icon\" data-id=\"531b6b5\" data-element_type=\"widget\" data-widget_type=\"icon.default\">\n\t\t\t\t<div class=\"elementor-widget-container\">\n\t\t\t\t\t\t\t<div class=\"elementor-icon-wrapper\">\n\t\t\t<div class=\"elementor-icon\">\n\t\t\t<i aria-hidden=\"true\" class=\"fas fa-plus\"><\/i>\t\t\t<\/div>\n\t\t<\/div>\n\t\t\t\t\t\t<\/div>\n\t\t\t\t<\/div>\n\t\t\t\t<div class=\"elementor-element elementor-element-78fe06a elementor-widget elementor-widget-heading\" data-id=\"78fe06a\" data-element_type=\"widget\" data-widget_type=\"heading.default\">\n\t\t\t\t<div class=\"elementor-widget-container\">\n\t\t\t\t\t<h4 class=\"elementor-heading-title elementor-size-default\">Medical Device Regulations<\/h4>\t\t\t\t<\/div>\n\t\t\t\t<\/div>\n\t\t\t\t<div class=\"elementor-element elementor-element-c1a3e6a elementor-widget elementor-widget-spacer\" data-id=\"c1a3e6a\" data-element_type=\"widget\" data-widget_type=\"spacer.default\">\n\t\t\t\t<div class=\"elementor-widget-container\">\n\t\t\t\t\t\t\t<div class=\"elementor-spacer\">\n\t\t\t<div class=\"elementor-spacer-inner\"><\/div>\n\t\t<\/div>\n\t\t\t\t\t\t<\/div>\n\t\t\t\t<\/div>\n\t\t\t\t<div class=\"elementor-element elementor-element-c5e74d9 elementor-widget elementor-widget-heading\" data-id=\"c5e74d9\" data-element_type=\"widget\" data-widget_type=\"heading.default\">\n\t\t\t\t<div class=\"elementor-widget-container\">\n\t\t\t\t\t<p class=\"elementor-heading-title elementor-size-default\">European medical device regulation 2017\/747.<\/p>\t\t\t\t<\/div>\n\t\t\t\t<\/div>\n\t\t\t\t<div class=\"elementor-element elementor-element-3aa0dbe elementor-widget elementor-widget-heading\" data-id=\"3aa0dbe\" data-element_type=\"widget\" data-widget_type=\"heading.default\">\n\t\t\t\t<div class=\"elementor-widget-container\">\n\t\t\t\t\t<p class=\"elementor-heading-title elementor-size-default\">A system of <strong> quality management<\/strong> following the <strong>ISO 13485 Norm.<\/strong><\/p>\t\t\t\t<\/div>\n\t\t\t\t<\/div>\n\t\t\t\t<div class=\"elementor-element elementor-element-1aabe01 elementor-widget elementor-widget-heading\" data-id=\"1aabe01\" data-element_type=\"widget\" data-widget_type=\"heading.default\">\n\t\t\t\t<div class=\"elementor-widget-container\">\n\t\t\t\t\t<p class=\"elementor-heading-title elementor-size-default\">Risk management of medical devices in accordance with ISO 14971.<\/p>\t\t\t\t<\/div>\n\t\t\t\t<\/div>\n\t\t\t\t<\/div>\n\t\t<div class=\"elementor-element elementor-element-979737c e-con-full e-flex e-con e-child\" data-id=\"979737c\" data-element_type=\"container\">\n\t\t\t\t<div class=\"elementor-element elementor-element-23aabbf elementor-view-framed elementor-shape-circle elementor-widget elementor-widget-icon\" data-id=\"23aabbf\" data-element_type=\"widget\" data-widget_type=\"icon.default\">\n\t\t\t\t<div class=\"elementor-widget-container\">\n\t\t\t\t\t\t\t<div class=\"elementor-icon-wrapper\">\n\t\t\t<div class=\"elementor-icon\">\n\t\t\t<i aria-hidden=\"true\" class=\"fas fa-map-signs\"><\/i>\t\t\t<\/div>\n\t\t<\/div>\n\t\t\t\t\t\t<\/div>\n\t\t\t\t<\/div>\n\t\t\t\t<div class=\"elementor-element elementor-element-087329a elementor-widget elementor-widget-heading\" data-id=\"087329a\" data-element_type=\"widget\" data-widget_type=\"heading.default\">\n\t\t\t\t<div class=\"elementor-widget-container\">\n\t\t\t\t\t<h4 class=\"elementor-heading-title elementor-size-default\">Quality system management<\/h4>\t\t\t\t<\/div>\n\t\t\t\t<\/div>\n\t\t\t\t<div class=\"elementor-element elementor-element-0b1f888 elementor-widget elementor-widget-spacer\" data-id=\"0b1f888\" data-element_type=\"widget\" data-widget_type=\"spacer.default\">\n\t\t\t\t<div class=\"elementor-widget-container\">\n\t\t\t\t\t\t\t<div class=\"elementor-spacer\">\n\t\t\t<div class=\"elementor-spacer-inner\"><\/div>\n\t\t<\/div>\n\t\t\t\t\t\t<\/div>\n\t\t\t\t<\/div>\n\t\t\t\t<div class=\"elementor-element elementor-element-818b320 elementor-widget elementor-widget-heading\" data-id=\"818b320\" data-element_type=\"widget\" data-widget_type=\"heading.default\">\n\t\t\t\t<div class=\"elementor-widget-container\">\n\t\t\t\t\t<p class=\"elementor-heading-title elementor-size-default\">ISO 9001 quality management system: internal audit, supplier audit, software validation...<\/p>\t\t\t\t<\/div>\n\t\t\t\t<\/div>\n\t\t\t\t<div class=\"elementor-element elementor-element-7c5b4ee elementor-widget elementor-widget-heading\" data-id=\"7c5b4ee\" data-element_type=\"widget\" data-widget_type=\"heading.default\">\n\t\t\t\t<div class=\"elementor-widget-container\">\n\t\t\t\t\t<p class=\"elementor-heading-title elementor-size-default\">Contact us to find out more about our training programs!<\/p>\t\t\t\t<\/div>\n\t\t\t\t<\/div>\n\t\t\t\t<\/div>\n\t\t\t\t\t<\/div>\n\t\t\t\t<\/div>\n\t\t<div class=\"elementor-element elementor-element-93908d9 e-flex e-con-boxed e-con e-parent\" data-id=\"93908d9\" data-element_type=\"container\">\n\t\t\t\t\t<div class=\"e-con-inner\">\n\t\t\t\t<div class=\"elementor-element elementor-element-3cd5dcc elementor-widget elementor-widget-heading\" data-id=\"3cd5dcc\" data-element_type=\"widget\" data-widget_type=\"heading.default\">\n\t\t\t\t<div class=\"elementor-widget-container\">\n\t\t\t\t\t<h2 class=\"elementor-heading-title elementor-size-default\">QUALIOPI certified training organization<\/h2>\t\t\t\t<\/div>\n\t\t\t\t<\/div>\n\t\t\t\t<div class=\"elementor-element elementor-element-d20ad2c elementor-widget elementor-widget-image\" data-id=\"d20ad2c\" data-element_type=\"widget\" data-widget_type=\"image.default\">\n\t\t\t\t<div class=\"elementor-widget-container\">\n\t\t\t\t\t\t\t\t\t\t\t\t\t\t\t<img decoding=\"async\" width=\"300\" height=\"160\" src=\"https:\/\/mnope-management.com\/wp-content\/uploads\/2023\/10\/LogoQualiopi.png\" class=\"attachment-large size-large wp-image-82\" alt=\"\" \/>\t\t\t\t\t\t\t\t\t\t\t\t\t\t\t<\/div>\n\t\t\t\t<\/div>\n\t\t\t\t<div class=\"elementor-element elementor-element-6eff828 elementor-widget elementor-widget-text-editor\" data-id=\"6eff828\" data-element_type=\"widget\" data-widget_type=\"text-editor.default\">\n\t\t\t\t<div class=\"elementor-widget-container\">\n\t\t\t\t\t\t\t\t\tQuality certification has been awarded for the following category of actions: Training activities\t\t\t\t\t\t\t\t<\/div>\n\t\t\t\t<\/div>\n\t\t\t\t<div class=\"elementor-element elementor-element-f86d176 elementor-widget elementor-widget-button\" data-id=\"f86d176\" data-element_type=\"widget\" data-widget_type=\"button.default\">\n\t\t\t\t<div class=\"elementor-widget-container\">\n\t\t\t\t\t\t\t\t\t<div class=\"elementor-button-wrapper\">\n\t\t\t\t\t<a class=\"elementor-button elementor-button-link elementor-size-sm\" href=\"https:\/\/mnope-management.com\/wp-content\/uploads\/2026\/01\/Certificat-QUALIOPI-MNOPE-MANAGEMENT-2025-09-16.pdf\" target=\"_blank\">\n\t\t\t\t\t\t<span class=\"elementor-button-content-wrapper\">\n\t\t\t\t\t\t\t\t\t<span class=\"elementor-button-text\">View certificate<\/span>\n\t\t\t\t\t<\/span>\n\t\t\t\t\t<\/a>\n\t\t\t\t<\/div>\n\t\t\t\t\t\t\t\t<\/div>\n\t\t\t\t<\/div>\n\t\t\t\t\t<\/div>\n\t\t\t\t<\/div>\n\t\t\t\t<\/div>","protected":false},"excerpt":{"rendered":"<p>Formations R\u00e9glementation des Dispositifs M\u00e9dicaux Le r\u00e8glement europ\u00e9en des dispositifs m\u00e9dicaux 2017\/747. Syst\u00e8me de management de la qualit\u00e9 suivant la Norme ISO 13485. La gestion des risques des dispositifs m\u00e9dicaux suivant la norme ISO 14971. Management de syst\u00e8me qualit\u00e9 Syst\u00e8me &hellip; <a class=\"kt-excerpt-readmore more-link\" href=\"https:\/\/mnope-management.com\/en\/formation\/\">Read More<\/a><\/p>","protected":false},"author":1,"featured_media":0,"parent":0,"menu_order":0,"comment_status":"closed","ping_status":"closed","template":"elementor_header_footer","meta":{"footnotes":""},"class_list":["post-38","page","type-page","status-publish","hentry"],"yoast_head":"<!-- This site is optimized with the Yoast SEO plugin v26.7 - https:\/\/yoast.com\/wordpress\/plugins\/seo\/ -->\n<title>Formation - MNOP\u00e9 Management<\/title>\n<meta name=\"robots\" content=\"index, follow, max-snippet:-1, max-image-preview:large, max-video-preview:-1\" \/>\n<link rel=\"canonical\" href=\"https:\/\/mnope-management.com\/en\/formation\/\" \/>\n<meta property=\"og:locale\" content=\"en_US\" \/>\n<meta property=\"og:type\" content=\"article\" \/>\n<meta property=\"og:title\" content=\"Formation - MNOP\u00e9 Management\" \/>\n<meta property=\"og:description\" content=\"Formations R\u00e9glementation des Dispositifs M\u00e9dicaux Le r\u00e8glement europ\u00e9en des dispositifs m\u00e9dicaux 2017\/747. Syst\u00e8me de management de la qualit\u00e9 suivant la Norme ISO 13485. La gestion des risques des dispositifs m\u00e9dicaux suivant la norme ISO 14971. Management de syst\u00e8me qualit\u00e9 Syst\u00e8me &hellip; Read More\" \/>\n<meta property=\"og:url\" content=\"https:\/\/mnope-management.com\/en\/formation\/\" \/>\n<meta property=\"og:site_name\" content=\"MNOP\u00e9 Management\" \/>\n<meta property=\"article:modified_time\" content=\"2026-01-19T18:35:59+00:00\" \/>\n<meta property=\"og:image\" content=\"https:\/\/mnope-management.com\/wp-content\/uploads\/2023\/10\/LogoQualiopi.png\" \/>\n\t<meta property=\"og:image:width\" content=\"300\" \/>\n\t<meta property=\"og:image:height\" content=\"160\" \/>\n\t<meta property=\"og:image:type\" content=\"image\/png\" \/>\n<meta name=\"twitter:card\" content=\"summary_large_image\" \/>\n<meta name=\"twitter:label1\" content=\"Est. reading time\" \/>\n\t<meta name=\"twitter:data1\" content=\"1 minute\" \/>\n<script type=\"application\/ld+json\" class=\"yoast-schema-graph\">{\"@context\":\"https:\/\/schema.org\",\"@graph\":[{\"@type\":\"WebPage\",\"@id\":\"https:\/\/mnope-management.com\/formation\/\",\"url\":\"https:\/\/mnope-management.com\/formation\/\",\"name\":\"Formation - MNOP\u00e9 Management\",\"isPartOf\":{\"@id\":\"https:\/\/mnope-management.com\/#website\"},\"primaryImageOfPage\":{\"@id\":\"https:\/\/mnope-management.com\/formation\/#primaryimage\"},\"image\":{\"@id\":\"https:\/\/mnope-management.com\/formation\/#primaryimage\"},\"thumbnailUrl\":\"https:\/\/mnope-management.com\/wp-content\/uploads\/2023\/10\/LogoQualiopi.png\",\"datePublished\":\"2023-10-11T13:13:59+00:00\",\"dateModified\":\"2026-01-19T18:35:59+00:00\",\"breadcrumb\":{\"@id\":\"https:\/\/mnope-management.com\/formation\/#breadcrumb\"},\"inLanguage\":\"en-US\",\"potentialAction\":[{\"@type\":\"ReadAction\",\"target\":[\"https:\/\/mnope-management.com\/formation\/\"]}]},{\"@type\":\"ImageObject\",\"inLanguage\":\"en-US\",\"@id\":\"https:\/\/mnope-management.com\/formation\/#primaryimage\",\"url\":\"https:\/\/mnope-management.com\/wp-content\/uploads\/2023\/10\/LogoQualiopi.png\",\"contentUrl\":\"https:\/\/mnope-management.com\/wp-content\/uploads\/2023\/10\/LogoQualiopi.png\"},{\"@type\":\"BreadcrumbList\",\"@id\":\"https:\/\/mnope-management.com\/formation\/#breadcrumb\",\"itemListElement\":[{\"@type\":\"ListItem\",\"position\":1,\"name\":\"Home\",\"item\":\"https:\/\/mnope-management.com\/\"},{\"@type\":\"ListItem\",\"position\":2,\"name\":\"Formation\"}]},{\"@type\":\"WebSite\",\"@id\":\"https:\/\/mnope-management.com\/#website\",\"url\":\"https:\/\/mnope-management.com\/\",\"name\":\"MNOP\u00e9 Management\",\"description\":\"\",\"publisher\":{\"@id\":\"https:\/\/mnope-management.com\/#organization\"},\"potentialAction\":[{\"@type\":\"SearchAction\",\"target\":{\"@type\":\"EntryPoint\",\"urlTemplate\":\"https:\/\/mnope-management.com\/?s={search_term_string}\"},\"query-input\":{\"@type\":\"PropertyValueSpecification\",\"valueRequired\":true,\"valueName\":\"search_term_string\"}}],\"inLanguage\":\"en-US\"},{\"@type\":\"Organization\",\"@id\":\"https:\/\/mnope-management.com\/#organization\",\"name\":\"MNOP\u00e9 Management\",\"url\":\"https:\/\/mnope-management.com\/\",\"logo\":{\"@type\":\"ImageObject\",\"inLanguage\":\"en-US\",\"@id\":\"https:\/\/mnope-management.com\/#\/schema\/logo\/image\/\",\"url\":\"https:\/\/mnope-management.com\/wp-content\/uploads\/2023\/10\/cropped-Logo.png\",\"contentUrl\":\"https:\/\/mnope-management.com\/wp-content\/uploads\/2023\/10\/cropped-Logo.png\",\"width\":351,\"height\":64,\"caption\":\"MNOP\u00e9 Management\"},\"image\":{\"@id\":\"https:\/\/mnope-management.com\/#\/schema\/logo\/image\/\"}}]}<\/script>\n<!-- \/ Yoast SEO plugin. -->","yoast_head_json":{"title":"Formation - MNOP\u00e9 Management","robots":{"index":"index","follow":"follow","max-snippet":"max-snippet:-1","max-image-preview":"max-image-preview:large","max-video-preview":"max-video-preview:-1"},"canonical":"https:\/\/mnope-management.com\/en\/formation\/","og_locale":"en_US","og_type":"article","og_title":"Formation - MNOP\u00e9 Management","og_description":"Formations R\u00e9glementation des Dispositifs M\u00e9dicaux Le r\u00e8glement europ\u00e9en des dispositifs m\u00e9dicaux 2017\/747. Syst\u00e8me de management de la qualit\u00e9 suivant la Norme ISO 13485. La gestion des risques des dispositifs m\u00e9dicaux suivant la norme ISO 14971. Management de syst\u00e8me qualit\u00e9 Syst\u00e8me &hellip; Read More","og_url":"https:\/\/mnope-management.com\/en\/formation\/","og_site_name":"MNOP\u00e9 Management","article_modified_time":"2026-01-19T18:35:59+00:00","og_image":[{"width":300,"height":160,"url":"https:\/\/mnope-management.com\/wp-content\/uploads\/2023\/10\/LogoQualiopi.png","type":"image\/png"}],"twitter_card":"summary_large_image","twitter_misc":{"Est. reading time":"1 minute"},"schema":{"@context":"https:\/\/schema.org","@graph":[{"@type":"WebPage","@id":"https:\/\/mnope-management.com\/formation\/","url":"https:\/\/mnope-management.com\/formation\/","name":"Formation - MNOP\u00e9 Management","isPartOf":{"@id":"https:\/\/mnope-management.com\/#website"},"primaryImageOfPage":{"@id":"https:\/\/mnope-management.com\/formation\/#primaryimage"},"image":{"@id":"https:\/\/mnope-management.com\/formation\/#primaryimage"},"thumbnailUrl":"https:\/\/mnope-management.com\/wp-content\/uploads\/2023\/10\/LogoQualiopi.png","datePublished":"2023-10-11T13:13:59+00:00","dateModified":"2026-01-19T18:35:59+00:00","breadcrumb":{"@id":"https:\/\/mnope-management.com\/formation\/#breadcrumb"},"inLanguage":"en-US","potentialAction":[{"@type":"ReadAction","target":["https:\/\/mnope-management.com\/formation\/"]}]},{"@type":"ImageObject","inLanguage":"en-US","@id":"https:\/\/mnope-management.com\/formation\/#primaryimage","url":"https:\/\/mnope-management.com\/wp-content\/uploads\/2023\/10\/LogoQualiopi.png","contentUrl":"https:\/\/mnope-management.com\/wp-content\/uploads\/2023\/10\/LogoQualiopi.png"},{"@type":"BreadcrumbList","@id":"https:\/\/mnope-management.com\/formation\/#breadcrumb","itemListElement":[{"@type":"ListItem","position":1,"name":"Home","item":"https:\/\/mnope-management.com\/"},{"@type":"ListItem","position":2,"name":"Formation"}]},{"@type":"WebSite","@id":"https:\/\/mnope-management.com\/#website","url":"https:\/\/mnope-management.com\/","name":"MNOP\u00e9 Management","description":"","publisher":{"@id":"https:\/\/mnope-management.com\/#organization"},"potentialAction":[{"@type":"SearchAction","target":{"@type":"EntryPoint","urlTemplate":"https:\/\/mnope-management.com\/?s={search_term_string}"},"query-input":{"@type":"PropertyValueSpecification","valueRequired":true,"valueName":"search_term_string"}}],"inLanguage":"en-US"},{"@type":"Organization","@id":"https:\/\/mnope-management.com\/#organization","name":"MNOP\u00e9 Management","url":"https:\/\/mnope-management.com\/","logo":{"@type":"ImageObject","inLanguage":"en-US","@id":"https:\/\/mnope-management.com\/#\/schema\/logo\/image\/","url":"https:\/\/mnope-management.com\/wp-content\/uploads\/2023\/10\/cropped-Logo.png","contentUrl":"https:\/\/mnope-management.com\/wp-content\/uploads\/2023\/10\/cropped-Logo.png","width":351,"height":64,"caption":"MNOP\u00e9 Management"},"image":{"@id":"https:\/\/mnope-management.com\/#\/schema\/logo\/image\/"}}]}},"_links":{"self":[{"href":"https:\/\/mnope-management.com\/en\/wp-json\/wp\/v2\/pages\/38","targetHints":{"allow":["GET"]}}],"collection":[{"href":"https:\/\/mnope-management.com\/en\/wp-json\/wp\/v2\/pages"}],"about":[{"href":"https:\/\/mnope-management.com\/en\/wp-json\/wp\/v2\/types\/page"}],"author":[{"embeddable":true,"href":"https:\/\/mnope-management.com\/en\/wp-json\/wp\/v2\/users\/1"}],"replies":[{"embeddable":true,"href":"https:\/\/mnope-management.com\/en\/wp-json\/wp\/v2\/comments?post=38"}],"version-history":[{"count":92,"href":"https:\/\/mnope-management.com\/en\/wp-json\/wp\/v2\/pages\/38\/revisions"}],"predecessor-version":[{"id":741,"href":"https:\/\/mnope-management.com\/en\/wp-json\/wp\/v2\/pages\/38\/revisions\/741"}],"wp:attachment":[{"href":"https:\/\/mnope-management.com\/en\/wp-json\/wp\/v2\/media?parent=38"}],"curies":[{"name":"wp","href":"https:\/\/api.w.org\/{rel}","templated":true}]}}