{"id":3,"date":"2023-10-11T11:04:20","date_gmt":"2023-10-11T11:04:20","guid":{"rendered":"https:\/\/web.nas.dewwwe.com\/mnope\/?page_id=3"},"modified":"2025-03-19T13:09:56","modified_gmt":"2025-03-19T12:09:56","slug":"privacy-policy","status":"publish","type":"page","link":"https:\/\/mnope-management.com\/en\/privacy-policy\/","title":{"rendered":"Terms Of Use"},"content":{"rendered":"<h3 class=\"wp-block-heading\"><strong>1. Scope of application<\/strong><\/h3>\n\n\n\n<p>The present general conditions of sale and supply of services apply, without restriction or reservation, to all products and services offered by MNOP\u00e9 Management.  In the absence of specific provisions stipulated in writing, the signing of a quotation or contract or the placing of an order with MNOP\u00e9 Management implies full acceptance of our general conditions of sale and services. They are accessible at all times on the site (www.mnope-management.com) and will prevail, if necessary, over any other version and over the customer's own conditions of purchase or others.<\/p>\n\n\n\n<h3 class=\"wp-block-heading\"><strong>2. Performance of services and obligations<\/strong><\/h3>\n\n\n\n<p>MNOP\u00e9 Management undertakes to carry out the service, the particular conditions of which are specified on the quotation or contract signed by the Customer.\nThe Customer undertakes to provide MNOP\u00e9 Management with all useful and necessary information for the proper execution of the service and the respect of deadlines. If the service includes a creation involving computer development, precise specifications will first be drawn up and validated by the Customer.<\/p>\n\n\n\n<p>MNOP\u00e9 Management undertakes to provide a regular report on the progress of the work entrusted to it.\nMNOP\u00e9 Management will deliver the service contracted by the Customer within the means available. Exchanges will take place during physical meetings and by telephone, email or videoconference. MNOP\u00e9 Management cannot be held responsible for any damage or financial loss resulting from a delay in the execution or non-execution of all or part of the service if this delay is due to events or causes beyond its reasonable control. For certain services, MNOP\u00e9 Management reserves the right to use subcontractors. Relations with these third parties will be managed entirely by MNOP\u00e9 Management. These subcontractors are selected and their working methods are in line with those of MNOP\u00e9 Management. For training services, specific general sales conditions will be proposed to the Customer.<\/p>\n\n\n\n<h3 class=\"wp-block-heading\"><strong>3. Deadlines and delivery<\/strong><\/h3>\n\n\n\n<p>MNOP\u00e9 Management undertakes to do its utmost to carry out the services ordered by the CLIENT, but is under no obligation to meet deadlines, unless otherwise agreed.\nThe provision of services depends in particular on the CLIENT providing the information required to complete the order.  Unless otherwise specified, intermediate working documents and mock-up products are delivered to you in person on paper at a working meeting, or sent to you by e-mail in the form of compressed files (ZIP or PDF).<\/p>\n\n\n\n<h3 class=\"wp-block-heading\"><strong>4. Nature of obligations<\/strong><\/h3>\n\n\n\n<p>MNOP\u00e9 Management undertakes to use its best endeavours in the performance of the services provided, in accordance with the rules of the trade. The present obligation is, by express agreement, purely an obligation of means. The CUSTOMER undertakes to cooperate with MNOP\u00e9 Management by providing it with all useful and necessary information for the proper execution of the service and the respect of deadlines.<\/p>\n\n\n\n<h3 class=\"wp-block-heading\"><strong>5. Contract duration<\/strong><\/h3>\n\n\n\n<p>The duration of the contract is defined in the quotation, order form or contract, depending on the service chosen by the customer. The contract may be tacitly renewed as indicated on the quotation, order form or contract. MNOP\u00e9 Management's services are provided on a long-term basis.<\/p>\n\n\n\n<h3 class=\"wp-block-heading\"><strong>6. Rates<\/strong><\/h3>\n\n\n\n<p>Services are invoiced on the basis of the rate in force on the quotation, order form or contract.<\/p>\n\n\n\n<p>In the case of time-based services, the hourly rate applies when the consultant is working at his or her place of residence; when he or she is on assignment at the CLIENT's premises, the daily rate applies. The price of the service is fixed. It is stipulated exclusive of tax, to which current taxes will be added, and is expressed in EUR on the total amount to be paid. It may be adjusted to the current rate if the project is implemented more than one year after the quotation is signed. The terms of the offer apply exclusively to the services specified in the quotation and\/or purchase order or contract.<\/p>\n\n\n\n<h3 class=\"wp-block-heading\"><strong>7. Terms of payment<\/strong><\/h3>\n\n\n\n<p>30% on signature of the quotation, order form or contract, 70% on receipt of the invoice issued at the end of the service, for assignments lasting less than one month. For services extending over a longer period, monthly payment on receipt of invoice.<\/p>\n\n\n\n<p>Payment is made by cheque or bank transfer. The customer undertakes to pay the down-payments specified in the quotation, order form or contract within the deadlines specified in these documents. In the event of late payment, in accordance with the Law of March 22, 2012, a fixed indemnity for collection costs of \u20ac40 will be due in addition to the late payment penalties. Late payment penalties will be due on the day following the settlement date shown on the invoice. The interest rate for these late payment penalties is the legal rate (i.e. the interest rate applied by the European Central Bank to its most recent refinancing operation plus 10 percentage points).<\/p>\n\n\n\n<h3 class=\"wp-block-heading\"><strong>8. Confidentiality and ethics<\/strong><\/h3>\n\n\n\n<p>MNOP\u00e9 Management is committed to respecting the confidentiality of its services and customers.The Customer's written agreement will be requested before MNOP\u00e9 Management's name and company name appear in any promotional material.<br>MNOP\u00e9 Management reserves the right to refuse any service which it considers to be contrary to its professional ethics or in breach of the law.<\/p>\n\n\n\n<h3 class=\"wp-block-heading\"><strong>9. Intellectual property rights<\/strong><\/h3>\n\n\n\n<p>It is understood that the Customer is the owner of all the elements that constitute his online visibility (container and contents).\nIf MNOP\u00e9 Management creates a content or a container, the ownership is rightfully transferred to the Customer.<br>MNOP\u00e9 Management will remain the owner of its tools and contents presented on the domains it owns.<\/p>\n\n\n\n<h3 class=\"wp-block-heading\"><strong>10. Limitation of liability<\/strong><\/h3>\n\n\n\n<p>The products offered comply with current French legislation and international regulations.The services described, the offer, the products or services are not contractual. \nMNOP\u00e9 Management cannot be held responsible for any variations between these descriptions and the services provided. MNOP\u00e9 Management can in no way be held responsible for direct or indirect damage resulting from partial, diverted or incorrect implementation of the advice and recommendations provided by MNOP\u00e9 Management.<\/p>\n\n\n\n<h3 class=\"wp-block-heading\"><strong>11. Force majeure<\/strong><\/h3>\n\n\n\n<p>MNOP\u00e9 Management cannot be held responsible for a delay not respected due to any fortuitous event or force majeure such as, in particular, any act emanating from a civil or military authority, de facto or de jure strike, fire, flood, water damage, storm and lightning, accident, riot, attack, non-delivery of documents for the creation or commissioning of the product, any event attributable to a third party, or any other circumstance having an external cause and preventing it, directly or through a third party, from meeting the said obligations.<\/p>\n\n\n\n<h3 class=\"wp-block-heading\"><strong>12. Jurisdiction<\/strong><\/h3>\n\n\n\n<p>Any dispute relating to the interpretation and execution of these general terms and conditions of sale is subject to French law. Failing amicable resolution, the Commercial Court of Beauvais shall have sole jurisdiction for any dispute relating to the interpretation and performance of a contract and its consequences.<\/p>\n\n\n\n<h3 class=\"wp-block-heading\"><strong>Data protection<\/strong><\/h3>\n\n\n\n<p>In my capacity as data controller, I hereby inform you that the information collected is subject to computer processing for the purpose of customer and\/or site visitor management. The personal data collected is intended exclusively for MNOP\u00e9 Management employees. It may also be communicated to any authorized person on request.<\/p>\n\n\n\n<p>In accordance with the French Data Protection Act of January 6, 1978, amended in 2004, you have the right to access, modify, rectify and delete any information concerning you. You may exercise this right by sending us an e-mail to contact@mnope-management.com. You may also, for legitimate reasons, object to the processing of your personal data.<br>Mrs Martine NADJAR, founder of MNOP\u00e9 Management, is responsible for data processing.<\/p>\n\n\n\n<h3 class=\"wp-block-heading\"><strong>Article L121-1 et seq. of the French Consumer Code<\/strong><\/h3>\n\n\n\n<p>MNOP\u00e9 Management is subject to legislation on door-to-door sales, in accordance with\u00a0<a href=\"https:\/\/www.legifrance.gouv.fr\/codes\/article_lc\/LEGIARTI000028747832\/2025-03-19\" target=\"_blank\" rel=\"noreferrer noopener\">articles L121-1 et seq. of the French Consumer Code.<\/a>.<\/p>","protected":false},"excerpt":{"rendered":"<p>1. Champ d&rsquo;application Les pr\u00e9sentes conditions g\u00e9n\u00e9rales de vente et de fourniture de services s\u2019appliquent, sans restriction ni r\u00e9serve, \u00e0 l\u2019ensemble des produits et des services propos\u00e9s par MNOP\u00e9 Management.&nbsp; A d\u00e9faut de dispositions particuli\u00e8res stipul\u00e9es par \u00e9crit, la signature &hellip; <a class=\"kt-excerpt-readmore more-link\" href=\"https:\/\/mnope-management.com\/en\/privacy-policy\/\">Read More<\/a><\/p>","protected":false},"author":1,"featured_media":0,"parent":0,"menu_order":0,"comment_status":"closed","ping_status":"open","template":"","meta":{"footnotes":""},"class_list":["post-3","page","type-page","status-publish","hentry"],"yoast_head":"<!-- This site is optimized with the Yoast SEO plugin v26.7 - https:\/\/yoast.com\/wordpress\/plugins\/seo\/ -->\n<title>Conditions G\u00e9n\u00e9rales d\u2019Utilisation - MNOP\u00e9 Management<\/title>\n<meta name=\"robots\" content=\"index, follow, max-snippet:-1, max-image-preview:large, max-video-preview:-1\" \/>\n<link rel=\"canonical\" href=\"https:\/\/mnope-management.com\/en\/privacy-policy\/\" \/>\n<meta property=\"og:locale\" content=\"en_US\" \/>\n<meta property=\"og:type\" content=\"article\" \/>\n<meta property=\"og:title\" content=\"Conditions G\u00e9n\u00e9rales d\u2019Utilisation - MNOP\u00e9 Management\" \/>\n<meta property=\"og:description\" content=\"1. Champ d&rsquo;application Les pr\u00e9sentes conditions g\u00e9n\u00e9rales de vente et de fourniture de services s\u2019appliquent, sans restriction ni r\u00e9serve, \u00e0 l\u2019ensemble des produits et des services propos\u00e9s par MNOP\u00e9 Management.&nbsp; A d\u00e9faut de dispositions particuli\u00e8res stipul\u00e9es par \u00e9crit, la signature &hellip; Read More\" \/>\n<meta property=\"og:url\" content=\"https:\/\/mnope-management.com\/en\/privacy-policy\/\" \/>\n<meta property=\"og:site_name\" content=\"MNOP\u00e9 Management\" \/>\n<meta property=\"article:modified_time\" content=\"2025-03-19T12:09:56+00:00\" \/>\n<meta name=\"twitter:card\" content=\"summary_large_image\" \/>\n<meta name=\"twitter:label1\" content=\"Est. reading time\" \/>\n\t<meta name=\"twitter:data1\" content=\"8 minutes\" \/>\n<script type=\"application\/ld+json\" class=\"yoast-schema-graph\">{\"@context\":\"https:\/\/schema.org\",\"@graph\":[{\"@type\":\"WebPage\",\"@id\":\"https:\/\/mnope-management.com\/privacy-policy\/\",\"url\":\"https:\/\/mnope-management.com\/privacy-policy\/\",\"name\":\"Conditions G\u00e9n\u00e9rales d\u2019Utilisation - MNOP\u00e9 Management\",\"isPartOf\":{\"@id\":\"https:\/\/mnope-management.com\/#website\"},\"datePublished\":\"2023-10-11T11:04:20+00:00\",\"dateModified\":\"2025-03-19T12:09:56+00:00\",\"breadcrumb\":{\"@id\":\"https:\/\/mnope-management.com\/privacy-policy\/#breadcrumb\"},\"inLanguage\":\"en-US\",\"potentialAction\":[{\"@type\":\"ReadAction\",\"target\":[\"https:\/\/mnope-management.com\/privacy-policy\/\"]}]},{\"@type\":\"BreadcrumbList\",\"@id\":\"https:\/\/mnope-management.com\/privacy-policy\/#breadcrumb\",\"itemListElement\":[{\"@type\":\"ListItem\",\"position\":1,\"name\":\"Home\",\"item\":\"https:\/\/mnope-management.com\/\"},{\"@type\":\"ListItem\",\"position\":2,\"name\":\"Conditions G\u00e9n\u00e9rales d\u2019Utilisation\"}]},{\"@type\":\"WebSite\",\"@id\":\"https:\/\/mnope-management.com\/#website\",\"url\":\"https:\/\/mnope-management.com\/\",\"name\":\"MNOP\u00e9 Management\",\"description\":\"\",\"publisher\":{\"@id\":\"https:\/\/mnope-management.com\/#organization\"},\"potentialAction\":[{\"@type\":\"SearchAction\",\"target\":{\"@type\":\"EntryPoint\",\"urlTemplate\":\"https:\/\/mnope-management.com\/?s={search_term_string}\"},\"query-input\":{\"@type\":\"PropertyValueSpecification\",\"valueRequired\":true,\"valueName\":\"search_term_string\"}}],\"inLanguage\":\"en-US\"},{\"@type\":\"Organization\",\"@id\":\"https:\/\/mnope-management.com\/#organization\",\"name\":\"MNOP\u00e9 Management\",\"url\":\"https:\/\/mnope-management.com\/\",\"logo\":{\"@type\":\"ImageObject\",\"inLanguage\":\"en-US\",\"@id\":\"https:\/\/mnope-management.com\/#\/schema\/logo\/image\/\",\"url\":\"https:\/\/mnope-management.com\/wp-content\/uploads\/2023\/10\/cropped-Logo.png\",\"contentUrl\":\"https:\/\/mnope-management.com\/wp-content\/uploads\/2023\/10\/cropped-Logo.png\",\"width\":351,\"height\":64,\"caption\":\"MNOP\u00e9 Management\"},\"image\":{\"@id\":\"https:\/\/mnope-management.com\/#\/schema\/logo\/image\/\"}}]}<\/script>\n<!-- \/ Yoast SEO plugin. -->","yoast_head_json":{"title":"Conditions G\u00e9n\u00e9rales d\u2019Utilisation - MNOP\u00e9 Management","robots":{"index":"index","follow":"follow","max-snippet":"max-snippet:-1","max-image-preview":"max-image-preview:large","max-video-preview":"max-video-preview:-1"},"canonical":"https:\/\/mnope-management.com\/en\/privacy-policy\/","og_locale":"en_US","og_type":"article","og_title":"Conditions G\u00e9n\u00e9rales d\u2019Utilisation - MNOP\u00e9 Management","og_description":"1. Champ d&rsquo;application Les pr\u00e9sentes conditions g\u00e9n\u00e9rales de vente et de fourniture de services s\u2019appliquent, sans restriction ni r\u00e9serve, \u00e0 l\u2019ensemble des produits et des services propos\u00e9s par MNOP\u00e9 Management.&nbsp; A d\u00e9faut de dispositions particuli\u00e8res stipul\u00e9es par \u00e9crit, la signature &hellip; Read More","og_url":"https:\/\/mnope-management.com\/en\/privacy-policy\/","og_site_name":"MNOP\u00e9 Management","article_modified_time":"2025-03-19T12:09:56+00:00","twitter_card":"summary_large_image","twitter_misc":{"Est. reading time":"8 minutes"},"schema":{"@context":"https:\/\/schema.org","@graph":[{"@type":"WebPage","@id":"https:\/\/mnope-management.com\/privacy-policy\/","url":"https:\/\/mnope-management.com\/privacy-policy\/","name":"Conditions G\u00e9n\u00e9rales d\u2019Utilisation - MNOP\u00e9 Management","isPartOf":{"@id":"https:\/\/mnope-management.com\/#website"},"datePublished":"2023-10-11T11:04:20+00:00","dateModified":"2025-03-19T12:09:56+00:00","breadcrumb":{"@id":"https:\/\/mnope-management.com\/privacy-policy\/#breadcrumb"},"inLanguage":"en-US","potentialAction":[{"@type":"ReadAction","target":["https:\/\/mnope-management.com\/privacy-policy\/"]}]},{"@type":"BreadcrumbList","@id":"https:\/\/mnope-management.com\/privacy-policy\/#breadcrumb","itemListElement":[{"@type":"ListItem","position":1,"name":"Home","item":"https:\/\/mnope-management.com\/"},{"@type":"ListItem","position":2,"name":"Conditions G\u00e9n\u00e9rales d\u2019Utilisation"}]},{"@type":"WebSite","@id":"https:\/\/mnope-management.com\/#website","url":"https:\/\/mnope-management.com\/","name":"MNOP\u00e9 Management","description":"","publisher":{"@id":"https:\/\/mnope-management.com\/#organization"},"potentialAction":[{"@type":"SearchAction","target":{"@type":"EntryPoint","urlTemplate":"https:\/\/mnope-management.com\/?s={search_term_string}"},"query-input":{"@type":"PropertyValueSpecification","valueRequired":true,"valueName":"search_term_string"}}],"inLanguage":"en-US"},{"@type":"Organization","@id":"https:\/\/mnope-management.com\/#organization","name":"MNOP\u00e9 Management","url":"https:\/\/mnope-management.com\/","logo":{"@type":"ImageObject","inLanguage":"en-US","@id":"https:\/\/mnope-management.com\/#\/schema\/logo\/image\/","url":"https:\/\/mnope-management.com\/wp-content\/uploads\/2023\/10\/cropped-Logo.png","contentUrl":"https:\/\/mnope-management.com\/wp-content\/uploads\/2023\/10\/cropped-Logo.png","width":351,"height":64,"caption":"MNOP\u00e9 Management"},"image":{"@id":"https:\/\/mnope-management.com\/#\/schema\/logo\/image\/"}}]}},"_links":{"self":[{"href":"https:\/\/mnope-management.com\/en\/wp-json\/wp\/v2\/pages\/3","targetHints":{"allow":["GET"]}}],"collection":[{"href":"https:\/\/mnope-management.com\/en\/wp-json\/wp\/v2\/pages"}],"about":[{"href":"https:\/\/mnope-management.com\/en\/wp-json\/wp\/v2\/types\/page"}],"author":[{"embeddable":true,"href":"https:\/\/mnope-management.com\/en\/wp-json\/wp\/v2\/users\/1"}],"replies":[{"embeddable":true,"href":"https:\/\/mnope-management.com\/en\/wp-json\/wp\/v2\/comments?post=3"}],"version-history":[{"count":2,"href":"https:\/\/mnope-management.com\/en\/wp-json\/wp\/v2\/pages\/3\/revisions"}],"predecessor-version":[{"id":729,"href":"https:\/\/mnope-management.com\/en\/wp-json\/wp\/v2\/pages\/3\/revisions\/729"}],"wp:attachment":[{"href":"https:\/\/mnope-management.com\/en\/wp-json\/wp\/v2\/media?parent=3"}],"curies":[{"name":"wp","href":"https:\/\/api.w.org\/{rel}","templated":true}]}}