{"id":28,"date":"2023-10-11T13:11:34","date_gmt":"2023-10-11T13:11:34","guid":{"rendered":"https:\/\/web.nas.dewwwe.com\/mnope\/?page_id=28"},"modified":"2025-02-25T12:55:31","modified_gmt":"2025-02-25T11:55:31","slug":"management-qualite","status":"publish","type":"page","link":"https:\/\/mnope-management.com\/en\/management-qualite\/","title":{"rendered":"Management &amp; Quality"},"content":{"rendered":"<div data-elementor-type=\"wp-page\" data-elementor-id=\"28\" class=\"elementor elementor-28\">\n\t\t\t\t<div class=\"elementor-element elementor-element-9073293 e-con-full e-flex e-con e-parent\" data-id=\"9073293\" data-element_type=\"container\" data-settings=\"{&quot;background_background&quot;:&quot;classic&quot;}\">\n\t\t\t\t<div class=\"elementor-element elementor-element-9508c1b elementor-widget elementor-widget-heading\" data-id=\"9508c1b\" data-element_type=\"widget\" data-widget_type=\"heading.default\">\n\t\t\t\t<div class=\"elementor-widget-container\">\n\t\t\t\t\t<h1 class=\"elementor-heading-title elementor-size-default\">Management &amp; Quality <\/h1>\t\t\t\t<\/div>\n\t\t\t\t<\/div>\n\t\t\t\t<div class=\"elementor-element elementor-element-1383ba2 elementor-widget elementor-widget-text-editor\" data-id=\"1383ba2\" data-element_type=\"widget\" data-widget_type=\"text-editor.default\">\n\t\t\t\t<div class=\"elementor-widget-container\">\n\t\t\t\t\t\t\t\t\t<p>All successful companies have a strategy!<\/p>\t\t\t\t\t\t\t\t<\/div>\n\t\t\t\t<\/div>\n\t\t\t\t<\/div>\n\t\t<div class=\"elementor-element elementor-element-d423943 e-flex e-con-boxed e-con e-parent\" data-id=\"d423943\" data-element_type=\"container\">\n\t\t\t\t\t<div class=\"e-con-inner\">\n\t\t\t\t<div class=\"elementor-element elementor-element-2b9ec64 elementor-widget elementor-widget-text-editor\" data-id=\"2b9ec64\" data-element_type=\"widget\" data-widget_type=\"text-editor.default\">\n\t\t\t\t<div class=\"elementor-widget-container\">\n\t\t\t\t\t\t\t\t\t<p style=\"text-align: center;\">We work with you to formalize your strategy and objectives, improve the organization of your teams, delegate and monitor actions, and measure your performance.<\/p>\t\t\t\t\t\t\t\t<\/div>\n\t\t\t\t<\/div>\n\t\t\t\t<div class=\"elementor-element elementor-element-21651d1 elementor-widget elementor-widget-text-editor\" data-id=\"21651d1\" data-element_type=\"widget\" data-widget_type=\"text-editor.default\">\n\t\t\t\t<div class=\"elementor-widget-container\">\n\t\t\t\t\t\t\t\t\t<p style=\"text-align: center;\">We draw on the tools and methods of the ISO 9001 standard to implement a quality and agile management approach that will enable you to react quickly thanks to an organization on the move, adapted to today's world.<\/p>\t\t\t\t\t\t\t\t<\/div>\n\t\t\t\t<\/div>\n\t\t\t\t<div class=\"elementor-element elementor-element-d707f0c elementor-widget elementor-widget-text-editor\" data-id=\"d707f0c\" data-element_type=\"widget\" data-widget_type=\"text-editor.default\">\n\t\t\t\t<div class=\"elementor-widget-container\">\n\t\t\t\t\t\t\t\t\t<p style=\"text-align: center;\">We will help you think through and implement your strategy, from defining your values to monitoring your objectives through action plans drawn up by and with your teams.<\/p>\t\t\t\t\t\t\t\t<\/div>\n\t\t\t\t<\/div>\n\t\t\t\t\t<\/div>\n\t\t\t\t<\/div>\n\t\t<div class=\"elementor-element elementor-element-24e01c0 e-flex e-con-boxed e-con e-parent\" data-id=\"24e01c0\" data-element_type=\"container\">\n\t\t\t\t\t<div class=\"e-con-inner\">\n\t\t\t\t<div class=\"elementor-element elementor-element-51f7af6 elementor-widget-tablet__width-inherit elementor-icon-list--layout-traditional elementor-list-item-link-full_width elementor-widget elementor-widget-icon-list\" data-id=\"51f7af6\" data-element_type=\"widget\" data-widget_type=\"icon-list.default\">\n\t\t\t\t<div class=\"elementor-widget-container\">\n\t\t\t\t\t\t\t<ul class=\"elementor-icon-list-items\">\n\t\t\t\t\t\t\t<li class=\"elementor-icon-list-item\">\n\t\t\t\t\t\t\t\t\t\t\t<span class=\"elementor-icon-list-icon\">\n\t\t\t\t\t\t\t<i aria-hidden=\"true\" class=\"fas fa-check\"><\/i>\t\t\t\t\t\t<\/span>\n\t\t\t\t\t\t\t\t\t\t<span class=\"elementor-icon-list-text\"> Internal and external context analysis<\/span>\n\t\t\t\t\t\t\t\t\t<\/li>\n\t\t\t\t\t\t\t\t<li class=\"elementor-icon-list-item\">\n\t\t\t\t\t\t\t\t\t\t\t<span class=\"elementor-icon-list-icon\">\n\t\t\t\t\t\t\t<i aria-hidden=\"true\" class=\"fas fa-check\"><\/i>\t\t\t\t\t\t<\/span>\n\t\t\t\t\t\t\t\t\t\t<span class=\"elementor-icon-list-text\"> Internal communications<\/span>\n\t\t\t\t\t\t\t\t\t<\/li>\n\t\t\t\t\t\t\t\t<li class=\"elementor-icon-list-item\">\n\t\t\t\t\t\t\t\t\t\t\t<span class=\"elementor-icon-list-icon\">\n\t\t\t\t\t\t\t<i aria-hidden=\"true\" class=\"fas fa-check\"><\/i>\t\t\t\t\t\t<\/span>\n\t\t\t\t\t\t\t\t\t\t<span class=\"elementor-icon-list-text\">Definition of performance indicators<\/span>\n\t\t\t\t\t\t\t\t\t<\/li>\n\t\t\t\t\t\t\t\t<li class=\"elementor-icon-list-item\">\n\t\t\t\t\t\t\t\t\t\t\t<span class=\"elementor-icon-list-icon\">\n\t\t\t\t\t\t\t<i aria-hidden=\"true\" class=\"fas fa-check\"><\/i>\t\t\t\t\t\t<\/span>\n\t\t\t\t\t\t\t\t\t\t<span class=\"elementor-icon-list-text\">Preparation of individual interviews<\/span>\n\t\t\t\t\t\t\t\t\t<\/li>\n\t\t\t\t\t\t<\/ul>\n\t\t\t\t\t\t<\/div>\n\t\t\t\t<\/div>\n\t\t\t\t<div class=\"elementor-element elementor-element-8873e4a elementor-widget-tablet__width-inherit elementor-icon-list--layout-traditional elementor-list-item-link-full_width elementor-widget elementor-widget-icon-list\" data-id=\"8873e4a\" data-element_type=\"widget\" data-widget_type=\"icon-list.default\">\n\t\t\t\t<div class=\"elementor-widget-container\">\n\t\t\t\t\t\t\t<ul class=\"elementor-icon-list-items\">\n\t\t\t\t\t\t\t<li class=\"elementor-icon-list-item\">\n\t\t\t\t\t\t\t\t\t\t\t<span class=\"elementor-icon-list-icon\">\n\t\t\t\t\t\t\t<i aria-hidden=\"true\" class=\"fas fa-check\"><\/i>\t\t\t\t\t\t<\/span>\n\t\t\t\t\t\t\t\t\t\t<span class=\"elementor-icon-list-text\">Organization of roles and responsibilities<\/span>\n\t\t\t\t\t\t\t\t\t<\/li>\n\t\t\t\t\t\t\t\t<li class=\"elementor-icon-list-item\">\n\t\t\t\t\t\t\t\t\t\t\t<span class=\"elementor-icon-list-icon\">\n\t\t\t\t\t\t\t<i aria-hidden=\"true\" class=\"fas fa-check\"><\/i>\t\t\t\t\t\t<\/span>\n\t\t\t\t\t\t\t\t\t\t<span class=\"elementor-icon-list-text\">Facilitating follow-up meetings<\/span>\n\t\t\t\t\t\t\t\t\t<\/li>\n\t\t\t\t\t\t\t\t<li class=\"elementor-icon-list-item\">\n\t\t\t\t\t\t\t\t\t\t\t<span class=\"elementor-icon-list-icon\">\n\t\t\t\t\t\t\t<i aria-hidden=\"true\" class=\"fas fa-check\"><\/i>\t\t\t\t\t\t<\/span>\n\t\t\t\t\t\t\t\t\t\t<span class=\"elementor-icon-list-text\"> Drawing up and monitoring action plans<\/span>\n\t\t\t\t\t\t\t\t\t<\/li>\n\t\t\t\t\t\t\t\t<li class=\"elementor-icon-list-item\">\n\t\t\t\t\t\t\t\t\t\t\t<span class=\"elementor-icon-list-icon\">\n\t\t\t\t\t\t\t<i aria-hidden=\"true\" class=\"fas fa-check\"><\/i>\t\t\t\t\t\t<\/span>\n\t\t\t\t\t\t\t\t\t\t<span class=\"elementor-icon-list-text\">Quality standards: ISO 9001 : 2015, ISO 13485 : 2016<\/span>\n\t\t\t\t\t\t\t\t\t<\/li>\n\t\t\t\t\t\t<\/ul>\n\t\t\t\t\t\t<\/div>\n\t\t\t\t<\/div>\n\t\t\t\t\t<\/div>\n\t\t\t\t<\/div>\n\t\t\t\t<\/div>","protected":false},"excerpt":{"rendered":"<p>Management &amp; Qualit\u00e9 Toutes les entreprises qui r\u00e9ussissent ont une strat\u00e9gie ! Nous vous accompagnons dans la formalisation de votre strat\u00e9gie et de vos objectifs, dans l\u2019am\u00e9lioration de votre organisation de vos \u00e9quipes, la d\u00e9l\u00e9gation et le suivi des actions &hellip; <a class=\"kt-excerpt-readmore more-link\" href=\"https:\/\/mnope-management.com\/en\/management-qualite\/\">Read More<\/a><\/p>","protected":false},"author":1,"featured_media":0,"parent":0,"menu_order":0,"comment_status":"closed","ping_status":"closed","template":"elementor_header_footer","meta":{"footnotes":""},"class_list":["post-28","page","type-page","status-publish","hentry"],"yoast_head":"<!-- This site is optimized with the Yoast SEO plugin v26.7 - https:\/\/yoast.com\/wordpress\/plugins\/seo\/ -->\n<title>Management &amp; Qualit\u00e9 - MNOP\u00e9 Management<\/title>\n<meta name=\"robots\" content=\"index, follow, max-snippet:-1, max-image-preview:large, max-video-preview:-1\" \/>\n<link rel=\"canonical\" href=\"https:\/\/mnope-management.com\/en\/management-qualite\/\" \/>\n<meta property=\"og:locale\" content=\"en_US\" \/>\n<meta property=\"og:type\" content=\"article\" \/>\n<meta property=\"og:title\" content=\"Management &amp; Qualit\u00e9 - MNOP\u00e9 Management\" \/>\n<meta property=\"og:description\" content=\"Management &amp; Qualit\u00e9 Toutes les entreprises qui r\u00e9ussissent ont une strat\u00e9gie ! Nous vous accompagnons dans la formalisation de votre strat\u00e9gie et de vos objectifs, dans l\u2019am\u00e9lioration de votre organisation de vos \u00e9quipes, la d\u00e9l\u00e9gation et le suivi des actions &hellip; Read More\" \/>\n<meta property=\"og:url\" content=\"https:\/\/mnope-management.com\/en\/management-qualite\/\" \/>\n<meta property=\"og:site_name\" content=\"MNOP\u00e9 Management\" \/>\n<meta property=\"article:modified_time\" content=\"2025-02-25T11:55:31+00:00\" \/>\n<meta name=\"twitter:card\" content=\"summary_large_image\" \/>\n<script type=\"application\/ld+json\" class=\"yoast-schema-graph\">{\"@context\":\"https:\/\/schema.org\",\"@graph\":[{\"@type\":\"WebPage\",\"@id\":\"https:\/\/mnope-management.com\/management-qualite\/\",\"url\":\"https:\/\/mnope-management.com\/management-qualite\/\",\"name\":\"Management &amp; Qualit\u00e9 - MNOP\u00e9 Management\",\"isPartOf\":{\"@id\":\"https:\/\/mnope-management.com\/#website\"},\"datePublished\":\"2023-10-11T13:11:34+00:00\",\"dateModified\":\"2025-02-25T11:55:31+00:00\",\"breadcrumb\":{\"@id\":\"https:\/\/mnope-management.com\/management-qualite\/#breadcrumb\"},\"inLanguage\":\"en-US\",\"potentialAction\":[{\"@type\":\"ReadAction\",\"target\":[\"https:\/\/mnope-management.com\/management-qualite\/\"]}]},{\"@type\":\"BreadcrumbList\",\"@id\":\"https:\/\/mnope-management.com\/management-qualite\/#breadcrumb\",\"itemListElement\":[{\"@type\":\"ListItem\",\"position\":1,\"name\":\"Home\",\"item\":\"https:\/\/mnope-management.com\/\"},{\"@type\":\"ListItem\",\"position\":2,\"name\":\"Management &amp; Qualit\u00e9\"}]},{\"@type\":\"WebSite\",\"@id\":\"https:\/\/mnope-management.com\/#website\",\"url\":\"https:\/\/mnope-management.com\/\",\"name\":\"MNOP\u00e9 Management\",\"description\":\"\",\"publisher\":{\"@id\":\"https:\/\/mnope-management.com\/#organization\"},\"potentialAction\":[{\"@type\":\"SearchAction\",\"target\":{\"@type\":\"EntryPoint\",\"urlTemplate\":\"https:\/\/mnope-management.com\/?s={search_term_string}\"},\"query-input\":{\"@type\":\"PropertyValueSpecification\",\"valueRequired\":true,\"valueName\":\"search_term_string\"}}],\"inLanguage\":\"en-US\"},{\"@type\":\"Organization\",\"@id\":\"https:\/\/mnope-management.com\/#organization\",\"name\":\"MNOP\u00e9 Management\",\"url\":\"https:\/\/mnope-management.com\/\",\"logo\":{\"@type\":\"ImageObject\",\"inLanguage\":\"en-US\",\"@id\":\"https:\/\/mnope-management.com\/#\/schema\/logo\/image\/\",\"url\":\"https:\/\/mnope-management.com\/wp-content\/uploads\/2023\/10\/cropped-Logo.png\",\"contentUrl\":\"https:\/\/mnope-management.com\/wp-content\/uploads\/2023\/10\/cropped-Logo.png\",\"width\":351,\"height\":64,\"caption\":\"MNOP\u00e9 Management\"},\"image\":{\"@id\":\"https:\/\/mnope-management.com\/#\/schema\/logo\/image\/\"}}]}<\/script>\n<!-- \/ Yoast SEO plugin. -->","yoast_head_json":{"title":"Management &amp; Qualit\u00e9 - MNOP\u00e9 Management","robots":{"index":"index","follow":"follow","max-snippet":"max-snippet:-1","max-image-preview":"max-image-preview:large","max-video-preview":"max-video-preview:-1"},"canonical":"https:\/\/mnope-management.com\/en\/management-qualite\/","og_locale":"en_US","og_type":"article","og_title":"Management &amp; Qualit\u00e9 - MNOP\u00e9 Management","og_description":"Management &amp; Qualit\u00e9 Toutes les entreprises qui r\u00e9ussissent ont une strat\u00e9gie ! Nous vous accompagnons dans la formalisation de votre strat\u00e9gie et de vos objectifs, dans l\u2019am\u00e9lioration de votre organisation de vos \u00e9quipes, la d\u00e9l\u00e9gation et le suivi des actions &hellip; Read More","og_url":"https:\/\/mnope-management.com\/en\/management-qualite\/","og_site_name":"MNOP\u00e9 Management","article_modified_time":"2025-02-25T11:55:31+00:00","twitter_card":"summary_large_image","schema":{"@context":"https:\/\/schema.org","@graph":[{"@type":"WebPage","@id":"https:\/\/mnope-management.com\/management-qualite\/","url":"https:\/\/mnope-management.com\/management-qualite\/","name":"Management &amp; Qualit\u00e9 - MNOP\u00e9 Management","isPartOf":{"@id":"https:\/\/mnope-management.com\/#website"},"datePublished":"2023-10-11T13:11:34+00:00","dateModified":"2025-02-25T11:55:31+00:00","breadcrumb":{"@id":"https:\/\/mnope-management.com\/management-qualite\/#breadcrumb"},"inLanguage":"en-US","potentialAction":[{"@type":"ReadAction","target":["https:\/\/mnope-management.com\/management-qualite\/"]}]},{"@type":"BreadcrumbList","@id":"https:\/\/mnope-management.com\/management-qualite\/#breadcrumb","itemListElement":[{"@type":"ListItem","position":1,"name":"Home","item":"https:\/\/mnope-management.com\/"},{"@type":"ListItem","position":2,"name":"Management &amp; Qualit\u00e9"}]},{"@type":"WebSite","@id":"https:\/\/mnope-management.com\/#website","url":"https:\/\/mnope-management.com\/","name":"MNOP\u00e9 Management","description":"","publisher":{"@id":"https:\/\/mnope-management.com\/#organization"},"potentialAction":[{"@type":"SearchAction","target":{"@type":"EntryPoint","urlTemplate":"https:\/\/mnope-management.com\/?s={search_term_string}"},"query-input":{"@type":"PropertyValueSpecification","valueRequired":true,"valueName":"search_term_string"}}],"inLanguage":"en-US"},{"@type":"Organization","@id":"https:\/\/mnope-management.com\/#organization","name":"MNOP\u00e9 Management","url":"https:\/\/mnope-management.com\/","logo":{"@type":"ImageObject","inLanguage":"en-US","@id":"https:\/\/mnope-management.com\/#\/schema\/logo\/image\/","url":"https:\/\/mnope-management.com\/wp-content\/uploads\/2023\/10\/cropped-Logo.png","contentUrl":"https:\/\/mnope-management.com\/wp-content\/uploads\/2023\/10\/cropped-Logo.png","width":351,"height":64,"caption":"MNOP\u00e9 Management"},"image":{"@id":"https:\/\/mnope-management.com\/#\/schema\/logo\/image\/"}}]}},"_links":{"self":[{"href":"https:\/\/mnope-management.com\/en\/wp-json\/wp\/v2\/pages\/28","targetHints":{"allow":["GET"]}}],"collection":[{"href":"https:\/\/mnope-management.com\/en\/wp-json\/wp\/v2\/pages"}],"about":[{"href":"https:\/\/mnope-management.com\/en\/wp-json\/wp\/v2\/types\/page"}],"author":[{"embeddable":true,"href":"https:\/\/mnope-management.com\/en\/wp-json\/wp\/v2\/users\/1"}],"replies":[{"embeddable":true,"href":"https:\/\/mnope-management.com\/en\/wp-json\/wp\/v2\/comments?post=28"}],"version-history":[{"count":16,"href":"https:\/\/mnope-management.com\/en\/wp-json\/wp\/v2\/pages\/28\/revisions"}],"predecessor-version":[{"id":675,"href":"https:\/\/mnope-management.com\/en\/wp-json\/wp\/v2\/pages\/28\/revisions\/675"}],"wp:attachment":[{"href":"https:\/\/mnope-management.com\/en\/wp-json\/wp\/v2\/media?parent=28"}],"curies":[{"name":"wp","href":"https:\/\/api.w.org\/{rel}","templated":true}]}}